{"id":16,"date":"2018-08-12T13:56:22","date_gmt":"2018-08-12T11:56:22","guid":{"rendered":"http:\/\/lebistrotblonvillais.fr\/?page_id=16"},"modified":"2023-02-16T11:05:02","modified_gmt":"2023-02-16T10:05:02","slug":"accueil","status":"publish","type":"page","link":"https:\/\/www.lebistrotblonvillais.fr\/","title":{"rendered":"Accueil"},"content":{"rendered":"\n<h1>&nbsp;<\/h1>\n<h1 style=\"text-align: center;\"><strong><span style=\"color: #bd1522;\">Le B<span style=\"color: #878787;\">istrot<\/span> B<span style=\"color: #878787;\">lonvillais<\/span><\/span><\/strong><\/h1>\n<p style=\"text-align: center;\"><span style=\"color: #bd1522;\"><del>&nbsp; &nbsp; &nbsp; &nbsp; &nbsp; &nbsp; &nbsp; &nbsp; &nbsp; &nbsp; &nbsp; &nbsp; &nbsp; &nbsp; &nbsp; &nbsp; &nbsp; &nbsp; &nbsp;<\/del><\/span><\/p>\n<h2 style=\"text-align: center;\"><strong><span style=\"color: #bd1522;\">Restaurant <span style=\"color: #878787;\">&#8211;<\/span> Cr\u00eaperie <span style=\"color: #878787;\">&#8211;<\/span> Salon de th\u00e9<\/span><\/strong><\/h2>\n<p>&nbsp;<\/p>\n<p style=\"text-align: center;\"><span style=\"color: #878787; font-size: 18px; letter-spacing: 1px; background-color: #ffffff;\">Le charme du bord de mer, des plats fait maison. <\/span><span style=\"color: #878787; font-size: 18px; letter-spacing: 1px; background-color: #ffffff;\">\u00c0 deux, en famille ou entre amis,<\/span><\/p>\n<p style=\"text-align: center;\"><span style=\"color: #878787; font-size: 18px; letter-spacing: 1px; background-color: #ffffff;\"><span style=\"color: #bd1522;\"><strong>prenez une pause<span style=\"color: #878787;\">,<\/span> d\u00e9jeunez<\/strong><\/span><strong>&nbsp;<\/strong>ou <strong><span style=\"color: #bd1522;\">d\u00eenez&nbsp;<\/span><\/strong><\/span><span style=\"color: #878787; font-size: 18px; letter-spacing: 1px; background-color: #ffffff;\">dans un lieu de gourmandise.<\/span><\/p>\n<p>&nbsp;<\/p>\n<p style=\"text-align: center;\"><span style=\"color: #878787; font-size: 18px; letter-spacing: 1px; background-color: #ffffff;\"><span style=\"color: #878787;\">S\u00e9bastien, <\/span>cr\u00e9ateur et&nbsp;<span style=\"color: #878787;\">chef du <\/span><strong style=\"color: #878787;\"><span style=\"color: #bd1522;\">B<span style=\"color: #878787;\">istrot<\/span> B<span style=\"color: #878787;\">lonvillais<\/span><\/span><\/strong><\/span><span style=\"color: #878787; font-size: 18px; letter-spacing: 1px; background-color: #ffffff;\"><span style=\"color: #878787;\">&nbsp;<\/span><\/span><span style=\"color: #878787; font-size: 18px; letter-spacing: 1px; background-color: #ffffff;\"><span style=\"color: #878787;\">vous invite \u00e0 la d\u00e9couverte de son univers&nbsp;<\/span><\/span><\/p>\n<p style=\"text-align: center;\"><span style=\"color: #878787; font-size: 18px; letter-spacing: 1px; background-color: #ffffff;\"><span style=\"color: #878787;\">o\u00f9 se m\u00e8lent <\/span><\/span><span style=\"color: #878787; font-size: 18px; letter-spacing: 1px; background-color: #ffffff;\"><span style=\"color: #878787;\">saveurs, simplicit\u00e9, <\/span><\/span><span style=\"color: #878787; font-size: 18px; letter-spacing: 1px; background-color: #ffffff;\"><span style=\"color: #878787;\">respect des saisons et bien-vivre.<\/span><\/span><\/p>\n<p>&nbsp;<\/p>\n<p style=\"text-align: center;\"><span style=\"color: #878787; font-size: 18px; letter-spacing: 1px; background-color: #ffffff;\"><span style=\"color: #878787;\">M\u00e9lange de <strong><span style=\"color: #bd1522;\">modernit\u00e9<\/span><\/strong> et de <strong><span style=\"color: #bd1522;\">tradition<\/span><\/strong>, adoptez le <strong><span style=\"color: #bd1522;\">B<\/span>.<span style=\"color: #bd1522;\">B<\/span><\/strong>, <\/span><\/span><span style=\"color: #878787; font-size: 18px; letter-spacing: 1px; background-color: #ffffff;\"><span style=\"color: #878787;\">son int\u00e9rieur chic et chaleureux,<\/span><\/span><\/p>\n<p style=\"text-align: center;\"><span style=\"color: #878787; font-size: 18px; letter-spacing: 1px; background-color: #ffffff;\"><span style=\"color: #878787;\"> son ext\u00e9rieur ombrag\u00e9 <\/span><\/span><span style=\"color: #878787; font-size: 18px; letter-spacing: 1px; background-color: #ffffff;\"><span style=\"color: #878787;\">et sa terrasse baign\u00e9e de soleil, <\/span><\/span><\/p>\n<p style=\"text-align: center;\"><span style=\"color: #878787; font-size: 18px; letter-spacing: 1px; background-color: #ffffff;\"><span style=\"color: #878787;\">\u00e0 quelques m\u00e8tres seulement de la plage. <\/span><\/span><\/p>\n<p>&nbsp;<\/p>\n<blockquote>\n<p>&nbsp;<\/p>\n<p style=\"text-align: center;\"><span style=\"color: #bd1522;\"><strong>HORAIRES <span style=\"color: #bd1522;\">D&rsquo;OUVERTURE<\/span> :<\/strong><\/span><\/p>\n<p style=\"text-align: center;\"><strong><span style=\"color: #878787;\">L&rsquo;\u00e9quipe du <span style=\"color: #bd1522;\">B<\/span>.<span style=\"color: #bd1522;\">B<\/span> vous informe : <br><\/span><\/strong><\/p>\n<p style=\"text-align: center;\">Le restaurant est ouvert. <br> Toute l&rsquo;\u00e9quipe est heureuse de vous accueillir. <br> Pensez \u00e0 r\u00e9server au 02.31.87.64.07 <br> &nbsp;\n&nbsp;\n&nbsp;<p style=\"text-align: center;\"><strong><span style=\"color: #878787;\">A bient\u00f4t.<\/span><\/strong><\/p>\n<\/blockquote>\n<p>&nbsp;<\/p>\n<hr>\n<p>&nbsp;<\/p>\n<h4 style=\"text-align: center;\"><strong><span style=\"color: #bd1522;\">Retrouvez tous les avis de nos clients&nbsp;<\/span><\/strong><\/h4>\n<h3 style=\"text-align: center;\"><a href=\"https:\/\/www.tripadvisor.fr\/Restaurant_Review-g635815-d9974048-Reviews-Le_Bistrot_Blonvillais-Blonville_sur_Mer_Calvados_Basse_Normandie_Normandy.html\" target=\"_blank\" rel=\"noopener noreferrer\"><img decoding=\"async\" class=\"wp-image-628 alignnone\" src=\"http:\/\/lebistrotblonvillais.fr\/wp-content\/uploads\/2018\/08\/Tripadvisor.png\" alt=\"\" width=\"112\" height=\"111\" srcset=\"https:\/\/www.lebistrotblonvillais.fr\/wp-content\/uploads\/2018\/08\/Tripadvisor.png 128w, https:\/\/www.lebistrotblonvillais.fr\/wp-content\/uploads\/2018\/08\/Tripadvisor-90x90.png 90w\" sizes=\"(max-width: 112px) 100vw, 112px\" \/><\/a>&nbsp; &nbsp; &nbsp; &nbsp;<a href=\"https:\/\/fr-fr.facebook.com\/lebistrotblonvillais\/\" target=\"_blank\" rel=\"noopener noreferrer\"><img decoding=\"async\" class=\"wp-image-770 alignnone\" src=\"http:\/\/lebistrotblonvillais.fr\/wp-content\/uploads\/2018\/08\/fb-images.png\" alt=\"\" width=\"71\" height=\"71\" srcset=\"https:\/\/www.lebistrotblonvillais.fr\/wp-content\/uploads\/2018\/08\/fb-images.png 128w, https:\/\/www.lebistrotblonvillais.fr\/wp-content\/uploads\/2018\/08\/fb-images-90x90.png 90w\" sizes=\"(max-width: 71px) 100vw, 71px\" \/><\/a><\/h3>\n&nbsp;\n&nbsp;\n","protected":false},"excerpt":{"rendered":"<p>&nbsp; Le Bistrot Blonvillais &nbsp; &nbsp; &nbsp; &nbsp; &nbsp; &nbsp; &nbsp; &nbsp; &nbsp; &nbsp; &nbsp; &nbsp; &nbsp; &nbsp; &nbsp; &nbsp; &nbsp; &nbsp; &nbsp; Restaurant &#8211; Cr\u00eaperie &#8211; Salon de th\u00e9 &nbsp; Le charme du bord de mer, des plats fait&#8230; <a class=\"direadmore\" href=\"https:\/\/www.lebistrotblonvillais.fr\/\"> Continue Reading&#8230;<\/a><\/p>\n","protected":false},"author":1,"featured_media":989,"parent":0,"menu_order":0,"comment_status":"closed","ping_status":"closed","template":"","meta":{"ngg_post_thumbnail":0},"aioseo_notices":[],"_links":{"self":[{"href":"https:\/\/www.lebistrotblonvillais.fr\/index.php\/wp-json\/wp\/v2\/pages\/16"}],"collection":[{"href":"https:\/\/www.lebistrotblonvillais.fr\/index.php\/wp-json\/wp\/v2\/pages"}],"about":[{"href":"https:\/\/www.lebistrotblonvillais.fr\/index.php\/wp-json\/wp\/v2\/types\/page"}],"author":[{"embeddable":true,"href":"https:\/\/www.lebistrotblonvillais.fr\/index.php\/wp-json\/wp\/v2\/users\/1"}],"replies":[{"embeddable":true,"href":"https:\/\/www.lebistrotblonvillais.fr\/index.php\/wp-json\/wp\/v2\/comments?post=16"}],"version-history":[{"count":234,"href":"https:\/\/www.lebistrotblonvillais.fr\/index.php\/wp-json\/wp\/v2\/pages\/16\/revisions"}],"predecessor-version":[{"id":1878,"href":"https:\/\/www.lebistrotblonvillais.fr\/index.php\/wp-json\/wp\/v2\/pages\/16\/revisions\/1878"}],"wp:featuredmedia":[{"embeddable":true,"href":"https:\/\/www.lebistrotblonvillais.fr\/index.php\/wp-json\/wp\/v2\/media\/989"}],"wp:attachment":[{"href":"https:\/\/www.lebistrotblonvillais.fr\/index.php\/wp-json\/wp\/v2\/media?parent=16"}],"curies":[{"name":"wp","href":"https:\/\/api.w.org\/{rel}","templated":true}]}}