{"id":362,"date":"2018-08-22T16:40:31","date_gmt":"2018-08-22T14:40:31","guid":{"rendered":"http:\/\/www.lebistrotblonvillais.fr\/?page_id=362"},"modified":"2023-02-15T01:47:20","modified_gmt":"2023-02-15T00:47:20","slug":"crepes","status":"publish","type":"page","link":"https:\/\/www.lebistrotblonvillais.fr\/index.php\/crepes\/","title":{"rendered":"Les Cr\u00eapes"},"content":{"rendered":"<h4 style=\"text-align: center;\"><span style=\"color: #bd1522;\"><i>Gourmands, d\u00e9couvrez nos cr\u00eapes chocolat maison et caramel au beurre sal\u00e9 maison<\/i><\/span><\/h4>\n<p style=\"text-align: center;\"><span style=\"color: #bd1522;\"><del>&nbsp; &nbsp; &nbsp; &nbsp; &nbsp; &nbsp; &nbsp; &nbsp; &nbsp; &nbsp; &nbsp; &nbsp; &nbsp; &nbsp; &nbsp; &nbsp; &nbsp; &nbsp; &nbsp;<\/del><\/span><\/p>\n<blockquote>\n<h3 style=\"text-align: center;\"><strong><span style=\"color: #bd1522;\">Cr\u00eapes<\/span><\/strong><\/h3>\n<\/blockquote>\n<p style=\"text-align: center;\"><span style=\"color: #878787;\">La Sucre 3.00 \u20ac<\/span><\/p>\n<p style=\"text-align: center;\"><span style=\"color: #878787;\">La Beurre-Sucre 3.80 \u20ac<\/span><\/p>\n<p style=\"text-align: center;\"><span style=\"color: #878787;\">La Beurre-Sucre-Citron 4.20 \u20ac<\/span><\/p>\n<p style=\"text-align: center;\"><span style=\"color: #878787;\">La Confiture (fraise ou abricot ou myrtille) 4.80 \u20ac<\/span><\/p>\n<p style=\"text-align: center;\"><span style=\"color: #878787;\">La Miel 4.80 \u20ac<\/span><\/p>\n<p style=\"text-align: center;\"><span style=\"color: #878787;\">La Nutella 4.80 \u20ac<\/span><\/p>\n<p style=\"text-align: center;\"><span style=\"color: #878787;\">La Cr\u00e8me de marron 4.80 \u20ac<\/span><\/p>\n<p style=\"text-align: center;\"><span style=\"color: #878787;\">La Chocolat maison 5.00 \u20ac<\/span><\/p>\n<p style=\"text-align: center;\"><span style=\"color: #878787;\">La Caramel Beurre Sal\u00e9 maison 5.00 \u20ac<\/span><\/p>\n<p>&nbsp;<\/p>\n<p style=\"text-align: center;\"><del><span style=\"color: #878787;\">&nbsp; &nbsp; &nbsp; &nbsp; &nbsp; &nbsp; &nbsp; &nbsp; &nbsp; &nbsp; &nbsp; &nbsp; &nbsp; &nbsp; &nbsp; &nbsp; &nbsp; &nbsp; &nbsp; &nbsp; &nbsp;<\/span><\/del><\/p>\n<p>&nbsp;<\/p>\n<p style=\"text-align: center;\"><span style=\"color: #878787;\">Suppl\u00e9ment cr\u00e8me fouett\u00e9e 1.50 \u20ac<\/span><\/p>\n<p style=\"text-align: center;\"><span style=\"color: #878787;\">Suppl\u00e9ment boule de glace 2.50 \u20ac<\/span><\/p>\n<p>&nbsp;<\/p>\n<p>&nbsp;<\/p>\n<hr>\n<blockquote>\n<h3 style=\"text-align: center;\"><span style=\"color: #bd1522;\"><strong>Cr\u00eapes Compos\u00e9es&nbsp;<\/strong><\/span><\/h3>\n<\/blockquote>\n<p>&nbsp;<\/p>\n<blockquote>\n<h3 style=\"text-align: center;\"><span style=\"color: #bd1522;\"><strong>La Flamb\u00e9e<\/strong><\/span><\/h3>\n<\/blockquote>\n<p style=\"text-align: center;\"><span style=\"color: #878787;\">Calvados ou B\u00e9n\u00e9dictine ou Rhum ou Grand Marnier<\/span><\/p>\n<p style=\"text-align: center;\"><span style=\"color: #878787;\">7.50 \u20ac<\/span><\/p>\n<p>&nbsp;<\/p>\n<blockquote>\n<h3 style=\"text-align: center;\"><span style=\"color: #bd1522;\"><strong>La Vache Noire<\/strong><\/span><\/h3>\n<\/blockquote>\n<p style=\"text-align: center;\"><span style=\"color: #878787;\">Glace chocolat &#8211; Chocolat maison &#8211; Cr\u00e8me fouett\u00e9e &#8211; Amandes<\/span><\/p>\n<p style=\"text-align: center;\"><span style=\"color: #878787;\">7.90 \u20ac<\/span><\/p>\n<p>&nbsp;<\/p>\n<blockquote>\n<h3 style=\"text-align: center;\"><span style=\"color: #bd1522;\"><strong>La Roche Noire<\/strong><\/span><\/h3>\n<\/blockquote>\n<p style=\"text-align: center;\"><span style=\"color: #878787;\">Glace vanille &#8211; Chocolat maison &#8211; Poudre de coco &#8211; Cr\u00e8me fouett\u00e9e<\/span><\/p>\n<p style=\"text-align: center;\"><span style=\"color: #878787;\">7.90 \u20ac<\/span><\/p>\n<p>&nbsp;<\/p>\n<blockquote>\n<h3 style=\"text-align: center;\"><span style=\"color: #bd1522;\"><strong>La Bulgare<\/strong><\/span><\/h3>\n<\/blockquote>\n<p style=\"text-align: center;\"><span style=\"color: #878787;\">Confiture myrtille &#8211; Glace Yaourt &#8211; Cr\u00e8me fouett\u00e9e<\/span><\/p>\n<p style=\"text-align: center;\"><span style=\"color: #878787;\">7.90 \u20ac<\/span><\/p>\n<p>&nbsp;<\/p>\n<blockquote>\n<h3 style=\"text-align: center;\"><span style=\"color: #bd1522;\"><strong>La Jean<\/strong><\/span><\/h3>\n<\/blockquote>\n<p style=\"text-align: center;\"><span style=\"color: #878787;\">Banane &#8211; Glace vanille &#8211; Chocolat maison &#8211; Cr\u00e8me fouett\u00e9e<\/span><\/p>\n<p style=\"text-align: center;\"><span style=\"color: #878787;\">7.90 \u20ac<\/span><\/p>\n<p>&nbsp;<\/p>\n<blockquote>\n<h3 style=\"text-align: center;\"><span style=\"color: #bd1522;\"><strong>La Juliette<\/strong><\/span><\/h3>\n<\/blockquote>\n<p style=\"text-align: center;\"><span style=\"color: #878787;\">Glace caramel &#8211; Caramel Beurre Sal\u00e9 maison &#8211; Cr\u00e8me fouett\u00e9e &#8211; Noisettes<\/span><\/p>\n<p style=\"text-align: center;\"><span style=\"color: #878787;\">7.90 \u20ac<\/span><\/p>\n<p>&nbsp;<\/p>\n<blockquote>\n<h3 style=\"text-align: center;\"><span style=\"color: #bd1522;\"><strong>La Mont-Canisy<\/strong><\/span><\/h3>\n<\/blockquote>\n<p style=\"text-align: center;\"><span style=\"color: #878787;\">Glace vanille &#8211; Cr\u00e8me de marron &#8211; Cr\u00e8me fouett\u00e9e &#8211; Noix<\/span><\/p>\n<p style=\"text-align: center;\"><span style=\"color: #878787;\">7.90 \u20ac<\/span><\/p>\n<p>&nbsp;<\/p>\n<blockquote>\n<h3 style=\"text-align: center;\"><span style=\"color: #bd1522;\"><strong>La Sp\u00e9culoos<\/strong><\/span><\/h3>\n<\/blockquote>\n<p style=\"text-align: center;\"><span style=\"color: #878787;\">Glace sp\u00e9culoos &#8211; Caramel Beurre Sal\u00e9 maison &#8211; \u00c9miett\u00e9 sp\u00e9culoos &#8211; Cr\u00e8me fouett\u00e9e<\/span><\/p>\n<p style=\"text-align: center;\"><span style=\"color: #878787;\">7.90 \u20ac<\/span><\/p>\n<p>&nbsp;<\/p>\n<blockquote>\n<h3 style=\"text-align: center;\"><span style=\"color: #bd1522;\"><strong>La Belle H\u00e9l\u00e8ne&nbsp;<\/strong><\/span><\/h3>\n<\/blockquote>\n<p style=\"text-align: center;\"><span style=\"color: #878787;\">Sorbet poire &#8211; Chocolat maison &#8211; Cr\u00e8me fouett\u00e9e &#8211; Amandes<\/span><\/p>\n<p style=\"text-align: center;\"><span style=\"color: #878787;\">7.90 \u20ac<\/span><\/p>\n<p>&nbsp;<\/p>\n<blockquote>\n<h3 style=\"text-align: center;\"><span style=\"color: #bd1522;\"><strong>La Banana<\/strong><\/span><\/h3>\n<\/blockquote>\n<p style=\"text-align: center;\"><span style=\"color: #878787;\">Banane &#8211; Cassonade &#8211; Flamb\u00e9e Rhum<\/span><\/p>\n<p style=\"text-align: center;\"><span style=\"color: #878787;\">7.90 \u20ac<\/span><\/p>\n<p>&nbsp;<\/p>\n<blockquote>\n<h3 style=\"text-align: center;\"><span style=\"color: #bd1522;\"><strong>La Normande<\/strong><\/span><\/h3>\n<\/blockquote>\n<p style=\"text-align: center;\"><span style=\"color: #878787;\">Pomme fruit &#8211; Glace Calvados-tatin &#8211; Flamb\u00e9e Calvados<\/span><\/p>\n<p style=\"text-align: center;\"><span style=\"color: #878787;\">8.90 \u20ac<\/span><\/p>\n<p>&nbsp;<\/p>\n<p>&nbsp;<\/p>\n<p>&nbsp;<\/p>\n<p><span style=\"color: #878787;\">Prix nets, service compris. CB \u00e0 partir de 10 \u20ac. Des modifications peuvent \u00eatre apport\u00e9es selon les arrivages.<\/span><\/p>\n","protected":false},"excerpt":{"rendered":"<p>Gourmands, d\u00e9couvrez nos cr\u00eapes chocolat maison et caramel au beurre sal\u00e9 maison &nbsp; &nbsp; &nbsp; &nbsp; &nbsp; &nbsp; &nbsp; &nbsp; &nbsp; &nbsp; &nbsp; &nbsp; &nbsp; &nbsp; &nbsp; &nbsp; &nbsp; &nbsp; &nbsp; Cr\u00eapes La Sucre 3.00 \u20ac La Beurre-Sucre 3.80 \u20ac&#8230; <a class=\"direadmore\" href=\"https:\/\/www.lebistrotblonvillais.fr\/index.php\/crepes\/\"> Continue Reading&#8230;<\/a><\/p>\n","protected":false},"author":1,"featured_media":0,"parent":0,"menu_order":0,"comment_status":"closed","ping_status":"closed","template":"","meta":{"ngg_post_thumbnail":0},"aioseo_notices":[],"_links":{"self":[{"href":"https:\/\/www.lebistrotblonvillais.fr\/index.php\/wp-json\/wp\/v2\/pages\/362"}],"collection":[{"href":"https:\/\/www.lebistrotblonvillais.fr\/index.php\/wp-json\/wp\/v2\/pages"}],"about":[{"href":"https:\/\/www.lebistrotblonvillais.fr\/index.php\/wp-json\/wp\/v2\/types\/page"}],"author":[{"embeddable":true,"href":"https:\/\/www.lebistrotblonvillais.fr\/index.php\/wp-json\/wp\/v2\/users\/1"}],"replies":[{"embeddable":true,"href":"https:\/\/www.lebistrotblonvillais.fr\/index.php\/wp-json\/wp\/v2\/comments?post=362"}],"version-history":[{"count":35,"href":"https:\/\/www.lebistrotblonvillais.fr\/index.php\/wp-json\/wp\/v2\/pages\/362\/revisions"}],"predecessor-version":[{"id":1865,"href":"https:\/\/www.lebistrotblonvillais.fr\/index.php\/wp-json\/wp\/v2\/pages\/362\/revisions\/1865"}],"wp:attachment":[{"href":"https:\/\/www.lebistrotblonvillais.fr\/index.php\/wp-json\/wp\/v2\/media?parent=362"}],"curies":[{"name":"wp","href":"https:\/\/api.w.org\/{rel}","templated":true}]}}