{"id":364,"date":"2018-08-22T16:40:52","date_gmt":"2018-08-22T14:40:52","guid":{"rendered":"http:\/\/www.lebistrotblonvillais.fr\/?page_id=364"},"modified":"2023-02-15T01:54:48","modified_gmt":"2023-02-15T00:54:48","slug":"glaces","status":"publish","type":"page","link":"https:\/\/www.lebistrotblonvillais.fr\/index.php\/glaces\/","title":{"rendered":"Les Glaces artisanales"},"content":{"rendered":"<h4 style=\"text-align: center;\"><em><span style=\"color: #bd1522;\">La qualit\u00e9 et la tradition, le chef fait confiance au Ma\u00eetre Glacier Pedone, fabrication artisanale<\/span><\/em><\/h4>\n<p style=\"text-align: center;\"><span style=\"color: #bd1522;\"><del>&nbsp; &nbsp; &nbsp; &nbsp; &nbsp; &nbsp; &nbsp; &nbsp; &nbsp; &nbsp; &nbsp; &nbsp; &nbsp; &nbsp; &nbsp; &nbsp; &nbsp; &nbsp; &nbsp;<\/del><\/span><\/p>\n<blockquote>\n<h3 style=\"text-align: center;\"><strong><span style=\"color: #bd1522;\">Coupes Glac\u00e9es<\/span><\/strong><\/h3>\n<\/blockquote>\n<p style=\"text-align: center;\"><span style=\"color: #878787;\">Deux boules&nbsp; 4.90 \u20ac<\/span><\/p>\n<p>&nbsp;<\/p>\n<p style=\"text-align: center;\"><span style=\"color: #878787;\">Boule suppl\u00e9mentaire 2.50 \u20ac<\/span><\/p>\n<p>&nbsp;<\/p>\n<blockquote>\n<h3 style=\"text-align: center;\"><strong><span style=\"color: #bd1522;\">Glaces<\/span><\/strong><\/h3>\n<\/blockquote>\n<p style=\"text-align: center;\"><span style=\"color: #878787;\">Vanille &#8211; Chocolat &#8211; Fraise &#8211; Menthe chocolat &#8211; Caf\u00e9 &#8211; Caramel Beurre Sal\u00e9 &#8211; Sp\u00e9culoos &#8211; Rhum raisin &#8211; Calvados Pomme Tatin &#8211; Yaourt<\/span><\/p>\n<p>&nbsp;<\/p>\n<blockquote>\n<h3 style=\"text-align: center;\"><strong><span style=\"color: #bd1522;\">Sorbets<\/span><\/strong><\/h3>\n<\/blockquote>\n<p style=\"text-align: center;\"><span style=\"color: #878787;\">Citron &#8211; Framboise &#8211; Coco &#8211; Passion &#8211; Pomme &#8211; Poire<\/span><\/p>\n<p>&nbsp;<\/p>\n<p style=\"text-align: center;\"><span style=\"color: #878787;\"><del>&nbsp; &nbsp; &nbsp; &nbsp; &nbsp; &nbsp; &nbsp; &nbsp; &nbsp; &nbsp; &nbsp; &nbsp; &nbsp; &nbsp; &nbsp; &nbsp; &nbsp; &nbsp; &nbsp;&nbsp;<\/del><\/span><\/p>\n<p>&nbsp;<\/p>\n<p style=\"text-align: center;\"><span style=\"color: #878787;\">Suppl\u00e9ment 1.50 \u20ac : Cr\u00e8me fouett\u00e9e &#8211; Chocolat maison &#8211; Caramel beurre sal\u00e9 maison &#8211; Coulis de fruits rouges<\/span><\/p>\n<p>&nbsp;<\/p>\n<p>&nbsp;<\/p>\n<hr>\n<blockquote>\n<h3 style=\"text-align: center;\"><strong><span style=\"color: #bd1522;\">Coupes Glac\u00e9es Compos\u00e9es<\/span><\/strong><\/h3>\n<\/blockquote>\n<blockquote>\n<h3 style=\"text-align: center;\"><strong><span style=\"color: #bd1522;\">La Chocolat li\u00e9geois&nbsp;<\/span><\/strong><\/h3>\n<\/blockquote>\n<p style=\"text-align: center;\"><span style=\"color: #878787;\">Glace chocolat &#8211; Chocolat chaud &#8211; Cr\u00e8me fouett\u00e9e &#8211; Amandes<\/span><\/p>\n<p style=\"text-align: center;\"><span style=\"color: #878787;\">7.50 \u20ac<\/span><\/p>\n<p>&nbsp;<\/p>\n<blockquote>\n<h3 style=\"text-align: center;\"><span style=\"color: #bd1522;\"><strong>La Dame blanche&nbsp;<\/strong><\/span><\/h3>\n<\/blockquote>\n<p style=\"text-align: center;\"><span style=\"color: #878787;\">Glace vanille &#8211; Chocolat chaud &#8211; Cr\u00e8me fouett\u00e9e &#8211; Amandes <\/span><\/p>\n<p style=\"text-align: center;\"><span style=\"color: #878787;\">7.50 \u20ac<\/span><\/p>\n<p>&nbsp;<\/p>\n<blockquote>\n<h3 style=\"text-align: center;\"><span style=\"color: #bd1522;\"><strong>La Coco<\/strong><\/span><\/h3>\n<\/blockquote>\n<p style=\"text-align: center;\"><span style=\"color: #878787;\">Glace chocolat &#8211; Coco &#8211; Chocolat chaud &#8211; Cr\u00e8me fouett\u00e9e<\/span><\/p>\n<p style=\"text-align: center;\"><span style=\"color: #878787;\">7.50 \u20ac<\/span><\/p>\n<p>&nbsp;<\/p>\n<blockquote>\n<h3 style=\"text-align: center;\"><span style=\"color: #bd1522;\"><strong>La Caramel<\/strong><\/span><\/h3>\n<\/blockquote>\n<p style=\"text-align: center;\"><span style=\"color: #878787;\">Glace caramel beurre sal\u00e9 &#8211; Vanille &#8211; Caramel &#8211; Cr\u00e8me fouett\u00e9e &#8211; Amandes <\/span><\/p>\n<p style=\"text-align: center;\"><span style=\"color: #878787;\">7.50 \u20ac<\/span><\/p>\n<p>&nbsp;<\/p>\n<blockquote>\n<h3 style=\"text-align: center;\"><span style=\"color: #bd1522;\"><strong>La Coupe BB&nbsp;<\/strong><\/span><\/h3>\n<\/blockquote>\n<p style=\"text-align: center;\"><span style=\"color: #878787;\">Glace fraise &#8211; Yaourt &#8211; Coulis de fruits rouges &#8211; Cr\u00e8me fouett\u00e9e &#8211; Amandes <\/span><\/p>\n<p style=\"text-align: center;\"><span style=\"color: #878787;\">7.50 \u20ac<\/span><\/p>\n<p>&nbsp;<\/p>\n<blockquote>\n<h3 style=\"text-align: center;\"><span style=\"color: #bd1522;\"><strong>Le Caf\u00e9 li\u00e9geois&nbsp;<\/strong><\/span><\/h3>\n<\/blockquote>\n<p style=\"text-align: center;\"><span style=\"color: #878787;\">Glace caf\u00e9 &#8211; Expresso &#8211; Cr\u00e8me fouett\u00e9e &#8211; Amandes <\/span><\/p>\n<p style=\"text-align: center;\"><span style=\"color: #878787;\">8.50 \u20ac<\/span><\/p>\n<p>&nbsp;<\/p>\n<blockquote>\n<h3 style=\"text-align: center;\"><span style=\"color: #bd1522;\"><strong>La Mont-Blanc<\/strong><\/span><\/h3>\n<\/blockquote>\n<p style=\"text-align: center;\"><span style=\"color: #878787;\">Glace vanille &#8211; Cr\u00e8me de marron &#8211; Cr\u00e8me fouett\u00e9e &#8211; Noix <\/span><\/p>\n<p style=\"text-align: center;\"><span style=\"color: #878787;\">8.50 \u20ac<\/span><\/p>\n<p>&nbsp;<\/p>\n<blockquote>\n<h3 style=\"text-align: center;\"><span style=\"color: #bd1522;\"><strong>La Colonel<\/strong><\/span><\/h3>\n<\/blockquote>\n<p style=\"text-align: center;\"><span style=\"color: #878787;\">Sorbet citron &#8211; Vodka <\/span><\/p>\n<p style=\"text-align: center;\"><span style=\"color: #878787;\">8.50 \u20ac<\/span><\/p>\n<p>&nbsp;<\/p>\n<blockquote>\n<h3 style=\"text-align: center;\"><span style=\"color: #bd1522;\"><strong>La Banana Split<\/strong><\/span><\/h3>\n<\/blockquote>\n<p style=\"text-align: center;\"><span style=\"color: #878787;\">Banane &#8211; Glace chocolat &#8211; Vanille &#8211; Fraise &#8211; Chocolat chaud &#8211; Cr\u00e8me fouett\u00e9e<\/span><\/p>\n<p style=\"text-align: center;\"><span style=\"color: #878787;\">8.90 \u20ac<\/span><\/p>\n<p>&nbsp;<\/p>\n<blockquote>\n<h3 style=\"text-align: center;\"><span style=\"color: #bd1522;\"><strong>L&rsquo;Ice Mint<\/strong><\/span><\/h3>\n<\/blockquote>\n<p style=\"text-align: center;\"><span style=\"color: #878787;\">Glace menthe &#8211; Chocolat &#8211; Get 27 &#8211; Chocolat chaud &#8211; Cr\u00e8me fouett\u00e9e <\/span><\/p>\n<p style=\"text-align: center;\"><span style=\"color: #878787;\">8.90 \u20ac<\/span><\/p>\n<p>&nbsp;<\/p>\n<blockquote>\n<h3 style=\"text-align: center;\"><span style=\"color: #bd1522;\"><strong>L&rsquo;Irlandaise<\/strong><\/span><\/h3>\n<\/blockquote>\n<p style=\"text-align: center;\"><span style=\"color: #878787;\">Glace vanille &#8211; Caf\u00e9 &#8211; Bailey&rsquo;s &#8211; Cr\u00e8me fouett\u00e9e <\/span><\/p>\n<p style=\"text-align: center;\"><span style=\"color: #878787;\">8.90 \u20ac<\/span><\/p>\n<p>&nbsp;<\/p>\n<blockquote>\n<h3 style=\"text-align: center;\"><span style=\"color: #bd1522;\"><strong>L&rsquo;Exotique<\/strong><\/span><\/h3>\n<\/blockquote>\n<p style=\"text-align: center;\"><span style=\"color: #878787;\">Sorbet citron &#8211; Passion &#8211; Framboise &#8211; Coulis de fruits rouges &#8211; Cr\u00e8me fouett\u00e9e<\/span><\/p>\n<p style=\"text-align: center;\"><span style=\"color: #878787;\">8.90 \u20ac<\/span><\/p>\n<p>&nbsp;<\/p>\n<blockquote>\n<h3 style=\"text-align: center;\"><span style=\"color: #bd1522;\"><strong>La Normande<\/strong><\/span><\/h3>\n<\/blockquote>\n<p style=\"text-align: center;\"><span style=\"color: #878787;\">Sorbet pomme &#8211; Pomme fruit &#8211; Calvados <\/span><\/p>\n<p style=\"text-align: center;\"><span style=\"color: #878787;\">8.90 \u20ac<\/span><\/p>\n<p>&nbsp;<\/p>\n<p>&nbsp;<\/p>\n<p><span style=\"color: #878787;\">Prix nets, service compris. CB \u00e0 partir de 10 \u20ac. Des modifications peuvent \u00eatre apport\u00e9es selon les arrivages.<\/span><\/p>\n","protected":false},"excerpt":{"rendered":"<p>La qualit\u00e9 et la tradition, le chef fait confiance au Ma\u00eetre Glacier Pedone, fabrication artisanale &nbsp; &nbsp; &nbsp; &nbsp; &nbsp; &nbsp; &nbsp; &nbsp; &nbsp; &nbsp; &nbsp; &nbsp; &nbsp; &nbsp; &nbsp; &nbsp; &nbsp; &nbsp; &nbsp; Coupes Glac\u00e9es Deux boules&nbsp; 4.90 \u20ac&#8230; <a class=\"direadmore\" href=\"https:\/\/www.lebistrotblonvillais.fr\/index.php\/glaces\/\"> Continue Reading&#8230;<\/a><\/p>\n","protected":false},"author":1,"featured_media":0,"parent":0,"menu_order":0,"comment_status":"closed","ping_status":"closed","template":"","meta":{"ngg_post_thumbnail":0},"aioseo_notices":[],"_links":{"self":[{"href":"https:\/\/www.lebistrotblonvillais.fr\/index.php\/wp-json\/wp\/v2\/pages\/364"}],"collection":[{"href":"https:\/\/www.lebistrotblonvillais.fr\/index.php\/wp-json\/wp\/v2\/pages"}],"about":[{"href":"https:\/\/www.lebistrotblonvillais.fr\/index.php\/wp-json\/wp\/v2\/types\/page"}],"author":[{"embeddable":true,"href":"https:\/\/www.lebistrotblonvillais.fr\/index.php\/wp-json\/wp\/v2\/users\/1"}],"replies":[{"embeddable":true,"href":"https:\/\/www.lebistrotblonvillais.fr\/index.php\/wp-json\/wp\/v2\/comments?post=364"}],"version-history":[{"count":38,"href":"https:\/\/www.lebistrotblonvillais.fr\/index.php\/wp-json\/wp\/v2\/pages\/364\/revisions"}],"predecessor-version":[{"id":1867,"href":"https:\/\/www.lebistrotblonvillais.fr\/index.php\/wp-json\/wp\/v2\/pages\/364\/revisions\/1867"}],"wp:attachment":[{"href":"https:\/\/www.lebistrotblonvillais.fr\/index.php\/wp-json\/wp\/v2\/media?parent=364"}],"curies":[{"name":"wp","href":"https:\/\/api.w.org\/{rel}","templated":true}]}}