{"id":368,"date":"2018-08-22T16:41:19","date_gmt":"2018-08-22T14:41:19","guid":{"rendered":"http:\/\/www.lebistrotblonvillais.fr\/?page_id=368"},"modified":"2023-02-25T02:37:12","modified_gmt":"2023-02-25T01:37:12","slug":"softs","status":"publish","type":"page","link":"https:\/\/www.lebistrotblonvillais.fr\/index.php\/softs\/","title":{"rendered":"Les Softs"},"content":{"rendered":"\n<p style=\"text-align: center;\"><span style=\"color: #bd1522;\"><del>&nbsp; &nbsp; &nbsp; &nbsp; &nbsp; &nbsp; &nbsp; &nbsp; &nbsp; &nbsp; &nbsp; &nbsp; &nbsp; &nbsp; &nbsp; &nbsp; &nbsp; &nbsp; &nbsp;<\/del><\/span><\/p>\n<blockquote>\n<h3 style=\"text-align: center;\"><strong><span style=\"color: #bd1522;\">Boissons Chaudes<\/span><\/strong><\/h3>\n<\/blockquote>\n<p style=\"text-align: center;\"><span style=\"color: #878787;\">Expresso 2.50 \u20ac<\/span><\/p>\n<p style=\"text-align: center;\"><span style=\"color: #878787;\">D\u00e9caf\u00e9in\u00e9 2.50 \u20ac<\/span><\/p>\n<p style=\"text-align: center;\"><span style=\"color: #878787;\">Double Expresso 3.80 \u20ac<\/span><\/p>\n<p style=\"text-align: center;\"><span style=\"color: #878787;\">Noisette 2.70 \u20ac<\/span><\/p>\n<p style=\"text-align: center;\"><span style=\"color: #878787;\">Petit Cr\u00e8me 3.40 \u20ac<\/span><\/p>\n<p style=\"text-align: center;\"><span style=\"color: #878787;\">Gand Cr\u00e8me 4.60 \u20ac<\/span><\/p>\n<p style=\"text-align: center;\"><span style=\"color: #878787;\">Caf\u00e9 Viennois 4.80 \u20ac<\/span><\/p>\n<p style=\"text-align: center;\"><span style=\"color: #878787;\">Chocolat Chaud 3.80 \u20ac<\/span><\/p>\n<p style=\"text-align: center;\"><span style=\"color: #878787;\">Chocolat Viennois 4.80 \u20ac<\/span><\/p>\n<p style=\"text-align: center;\"><span style=\"color: #878787;\">Th\u00e9 <em>Ceylan, Earl Grey, Th\u00e9 vert menthe, Fruits rouges<\/em> 3.80\u20ac<\/span><\/p>\n<p style=\"text-align: center;\"><span style=\"color: #878787;\">Infusion <em>Verveine menthe, Tilleul, Caramel vanille<\/em> 3.80 \u20ac<\/span><\/p>\n<p style=\"text-align: center;\"><span style=\"color: #878787;\">Irish Coffee 7.90 \u20ac<\/span><\/p>\n<p style=\"text-align: center;\"><span style=\"color: #878787;\">Norman Coffee 7.90 \u20ac<\/span><\/p>\n<p style=\"text-align: center;\"><span style=\"color: #878787;\">Caf\u00e9 Calva <em>expresso et calvados (2 cl)<\/em> 6.00 \u20ac<\/span><\/p>\n<p>&nbsp;<\/p>\n<blockquote>\n<h3 style=\"text-align: center;\"><strong><span style=\"color: #bd1522;\">Softs &#038; Sodas<\/span><\/strong><\/h3>\n<\/blockquote>\n<p style=\"text-align: center;\"><span style=\"color: #878787;\">Sirop \u00e0 l&rsquo;eau (33 cl)&nbsp;<em>Grenadine, Menthe, P\u00eache, Fraise, Citron<\/em> 2.50 \u20ac<\/span><\/p>\n<p style=\"text-align: center;\"><span style=\"color: #878787;\">Soda (33 cl) <em>Coca Cola z\u00e9ro (33 cl), Orangina (25 cl), Perrier (33 cl), Fuze Tea (25 cl)<\/em> 4.20 \u20ac<\/span><\/p>\n<p style=\"text-align: center;\"><span style=\"color: #878787;\">Jus de fruits (20 cl) <em>Orange, Nectar abricot, Tomates<\/em> 3.80 \u20ac<\/span><\/p>\n<p style=\"text-align: center;\"><span style=\"color: #878787;\">Cocktail sans alcool (33 cl) 6.00 \u20ac<\/span><\/p>\n&nbsp;\n<p style=\"text-align: center;\"><span style=\"color: #878787;\">Suppl\u00e9ment sirop 0.50 \u20ac<\/span><\/p>\n<p style=\"text-align: center;\"><span style=\"color: #878787;\">Suppl\u00e9ment rondelle 0.20 \u20ac<\/span><\/p>\n<\/p>\n<p>&nbsp;<\/p>\n<blockquote>\n<h3 style=\"text-align: center;\"><strong><span style=\"color: #bd1522;\">Boissons Artisanales Locales<\/span><\/strong><\/h3>\n<\/blockquote>\n<p style=\"text-align: center;\"><span style=\"color: #878787;\">Jus de pomme artisanal (33 cl)&nbsp;<em>Domaine Dupont&nbsp;<\/em>4.90 \u20ac<\/span><\/p>\n<p style=\"text-align: center;\"><span style=\"color: #878787;\">Jus de pomme artisanal p\u00e9tillant (33 cl)&nbsp;<em>Domaine Dupont&nbsp;<\/em>4.90 \u20ac<\/span>\n<p style=\"text-align: center;\"><span style=\"color: #878787;\">Meuh Cola (27,5 cl) 4.50 \u20ac<\/span>\n<p style=\"text-align: center;\"><span style=\"color: #878787;\">Limeuhnade (27,5 cl) 4.50 \u20ac<\/span>\n<p style=\"text-align: center;\"><span style=\"color: #878787;\">Docteur Meuh &#8211; Ginger byire (25 cl) 4.20 \u20ac<\/span>\n<p style=\"text-align: center;\"><span style=\"color: #878787;\">Ca va tea <em>Th\u00e9s glac\u00e9s &#8211; Ferme de la Plantaire Noire<\/em> (33 cl) 4.80 \u20ac<\/span>\n<p>&nbsp;<\/p>\n<p style=\"text-align: center;\"><span style=\"color: #878787;\">Suppl\u00e9ment sirop 0.50 \u20ac<\/span><\/p>\n<p style=\"text-align: center;\"><span style=\"color: #878787;\">Suppl\u00e9ment rondelle 0.20 \u20ac<\/span><\/p>\n\n<p>&nbsp;<\/p>\n<blockquote>\n<h3 style=\"text-align: center;\"><strong><span style=\"color: #bd1522;\">Eaux<\/span><\/strong><\/h3>\n<\/blockquote>\n<p style=\"text-align: center;\"><span style=\"color: #878787;\">Eau min\u00e9rale (50 cl) 4.00 \u20ac<\/span><\/p>\n<p style=\"text-align: center;\"><span style=\"color: #878787;\">Eau min\u00e9rale (100 cl) 5.00 \u20ac<\/span><\/p>\n<p>&nbsp;<\/p>\n<p style=\"text-align: center;\"><span style=\"color: #878787;\">Eau gazeuse (50 cl) 4.00 \u20ac<\/span><\/p>\n<p style=\"text-align: center;\"><span style=\"color: #878787;\">Eau gazeuse (100 cl) 5.00 \u20ac<\/span><\/p>\n<p>&nbsp;<\/p>\n<p>&nbsp;<\/p>\n<p><span style=\"color: #878787;\">L\u2019abus d\u2019alcool est dangereux pour la sant\u00e9. \u00c0 consommer avec mod\u00e9ration. La vente d\u2019alcool est interdite aux mineurs de moins de dix-huit ans.<\/span><\/p>\n","protected":false},"excerpt":{"rendered":"<p>&nbsp; &nbsp; &nbsp; &nbsp; &nbsp; &nbsp; &nbsp; &nbsp; &nbsp; &nbsp; &nbsp; &nbsp; &nbsp; &nbsp; &nbsp; &nbsp; &nbsp; &nbsp; &nbsp; Boissons Chaudes Expresso 2.50 \u20ac D\u00e9caf\u00e9in\u00e9 2.50 \u20ac Double Expresso 3.80 \u20ac Noisette 2.70 \u20ac Petit Cr\u00e8me 3.40 \u20ac Gand Cr\u00e8me&#8230; <a class=\"direadmore\" href=\"https:\/\/www.lebistrotblonvillais.fr\/index.php\/softs\/\"> Continue Reading&#8230;<\/a><\/p>\n","protected":false},"author":1,"featured_media":0,"parent":0,"menu_order":0,"comment_status":"closed","ping_status":"closed","template":"","meta":{"ngg_post_thumbnail":0},"aioseo_notices":[],"_links":{"self":[{"href":"https:\/\/www.lebistrotblonvillais.fr\/index.php\/wp-json\/wp\/v2\/pages\/368"}],"collection":[{"href":"https:\/\/www.lebistrotblonvillais.fr\/index.php\/wp-json\/wp\/v2\/pages"}],"about":[{"href":"https:\/\/www.lebistrotblonvillais.fr\/index.php\/wp-json\/wp\/v2\/types\/page"}],"author":[{"embeddable":true,"href":"https:\/\/www.lebistrotblonvillais.fr\/index.php\/wp-json\/wp\/v2\/users\/1"}],"replies":[{"embeddable":true,"href":"https:\/\/www.lebistrotblonvillais.fr\/index.php\/wp-json\/wp\/v2\/comments?post=368"}],"version-history":[{"count":25,"href":"https:\/\/www.lebistrotblonvillais.fr\/index.php\/wp-json\/wp\/v2\/pages\/368\/revisions"}],"predecessor-version":[{"id":1880,"href":"https:\/\/www.lebistrotblonvillais.fr\/index.php\/wp-json\/wp\/v2\/pages\/368\/revisions\/1880"}],"wp:attachment":[{"href":"https:\/\/www.lebistrotblonvillais.fr\/index.php\/wp-json\/wp\/v2\/media?parent=368"}],"curies":[{"name":"wp","href":"https:\/\/api.w.org\/{rel}","templated":true}]}}