{"id":416,"date":"2018-08-23T12:39:44","date_gmt":"2018-08-23T10:39:44","guid":{"rendered":"http:\/\/www.lebistrotblonvillais.fr\/?page_id=416"},"modified":"2023-02-15T00:48:34","modified_gmt":"2023-02-14T23:48:34","slug":"a-la-carte","status":"publish","type":"page","link":"https:\/\/www.lebistrotblonvillais.fr\/index.php\/a-la-carte\/","title":{"rendered":"\u00c0 la Carte"},"content":{"rendered":"<h4 style=\"text-align: center;\"><span style=\"color: #bd1522;\"><em>\u00ab\u00a0De toutes les passions, la seule vraiment respectable me para\u00eet \u00eatre la gourmandise\u00a0\u00bb Guy de Maupassant.<\/em><\/span><\/h4>\n<p>&nbsp;<\/p>\n<h3>&nbsp;<\/h3>\n<p style=\"text-align: center;\"><span style=\"color: #bd1522;\"><del>&nbsp; &nbsp; &nbsp; &nbsp; &nbsp; &nbsp; &nbsp; &nbsp; &nbsp; &nbsp; &nbsp; &nbsp; &nbsp; &nbsp; &nbsp; &nbsp; &nbsp; &nbsp; &nbsp;<\/del><\/span><\/p>\n<h3 style=\"text-align: center;\"><strong><span style=\"color: #bd1522;\"><span style=\"color: #878787;\">Le<\/span> B<span style=\"color: #878787;\">.<\/span>B <span style=\"color: #878787;\">vous propose<\/span> \u00e0 la&nbsp;Carte :<\/span><\/strong><\/h3>\n<p>&nbsp;<\/p>\n<p style=\"text-align: center;\"><span style=\"color: #878787;\">Fish &amp; Chips (Filet de limande) 14.90 \u20ac<\/span><\/p>\n<p style=\"text-align: center;\"><span style=\"color: #878787;\">Pav\u00e9s d&rsquo;andouille de Vire gratin\u00e9s au camembert 16.90 \u20ac<\/span><\/p>\n<p>&nbsp;<\/p>\n<p style=\"text-align: center;\"><span style=\"color: #bd1522;\"><del>&nbsp; &nbsp; &nbsp; &nbsp; &nbsp; &nbsp; &nbsp; &nbsp; &nbsp; &nbsp; &nbsp; &nbsp; &nbsp; &nbsp; &nbsp; &nbsp; &nbsp; &nbsp; &nbsp;<\/del><\/span><\/p>\n<p>&nbsp;<\/p>\n<h3 style=\"text-align: center;\"><strong><span style=\"color: #878787;\">D\u00e9couvrez les<\/span> <span style=\"color: #bd1522;\">Suggestions du chef<\/span><span style=\"color: #878787;\">&nbsp;<img decoding=\"async\" class=\"aligncenter wp-image-895\" src=\"http:\/\/lebistrotblonvillais.fr\/wp-content\/uploads\/2018\/08\/bisb.png\" alt=\"\" width=\"187\" height=\"105\" srcset=\"https:\/\/www.lebistrotblonvillais.fr\/wp-content\/uploads\/2018\/08\/bisb.png 819w, https:\/\/www.lebistrotblonvillais.fr\/wp-content\/uploads\/2018\/08\/bisb-300x168.png 300w, https:\/\/www.lebistrotblonvillais.fr\/wp-content\/uploads\/2018\/08\/bisb-768x431.png 768w\" sizes=\"(max-width: 187px) 100vw, 187px\" \/><\/span><\/strong><\/h3>\n<p style=\"text-align: center;\"><strong><span style=\"color: #878787;\">pr\u00e9sent\u00e9es sur ardoise du restaurant<\/span><\/strong><\/p>\n<p>&nbsp;<\/p>\n<p style=\"text-align: center;\"><span style=\"color: #bd1522;\"><del>&nbsp; &nbsp; &nbsp; &nbsp; &nbsp; &nbsp; &nbsp; &nbsp; &nbsp; &nbsp; &nbsp; &nbsp; &nbsp; &nbsp; &nbsp; &nbsp; &nbsp; &nbsp; &nbsp;<\/del><\/span><\/p>\n<p>&nbsp;<\/p>\n<blockquote>\n<p style=\"text-align: center;\"><span style=\"color: #878787;\"><strong>La plupart de nos plats sont faits maison, r\u00e9alis\u00e9s minute, \u00e0 base de produits frais.<\/strong><\/span><\/p>\n<\/blockquote>\n<p>&nbsp;<\/p>\n<p>&nbsp;<\/p>\n<p><span style=\"color: #878787;\">Prix nets, service compris. CB \u00e0 partir de 10 \u20ac. Des modifications peuvent \u00eatre apport\u00e9es selon les arrivages.<\/span><\/p>\n","protected":false},"excerpt":{"rendered":"<p>\u00ab\u00a0De toutes les passions, la seule vraiment respectable me para\u00eet \u00eatre la gourmandise\u00a0\u00bb Guy de Maupassant. &nbsp; &nbsp; &nbsp; &nbsp; &nbsp; &nbsp; &nbsp; &nbsp; &nbsp; &nbsp; &nbsp; &nbsp; &nbsp; &nbsp; &nbsp; &nbsp; &nbsp; &nbsp; &nbsp; &nbsp; &nbsp; Le B.B vous&#8230; <a class=\"direadmore\" href=\"https:\/\/www.lebistrotblonvillais.fr\/index.php\/a-la-carte\/\"> Continue Reading&#8230;<\/a><\/p>\n","protected":false},"author":1,"featured_media":0,"parent":0,"menu_order":0,"comment_status":"closed","ping_status":"closed","template":"","meta":{"ngg_post_thumbnail":0},"aioseo_notices":[],"_links":{"self":[{"href":"https:\/\/www.lebistrotblonvillais.fr\/index.php\/wp-json\/wp\/v2\/pages\/416"}],"collection":[{"href":"https:\/\/www.lebistrotblonvillais.fr\/index.php\/wp-json\/wp\/v2\/pages"}],"about":[{"href":"https:\/\/www.lebistrotblonvillais.fr\/index.php\/wp-json\/wp\/v2\/types\/page"}],"author":[{"embeddable":true,"href":"https:\/\/www.lebistrotblonvillais.fr\/index.php\/wp-json\/wp\/v2\/users\/1"}],"replies":[{"embeddable":true,"href":"https:\/\/www.lebistrotblonvillais.fr\/index.php\/wp-json\/wp\/v2\/comments?post=416"}],"version-history":[{"count":66,"href":"https:\/\/www.lebistrotblonvillais.fr\/index.php\/wp-json\/wp\/v2\/pages\/416\/revisions"}],"predecessor-version":[{"id":1852,"href":"https:\/\/www.lebistrotblonvillais.fr\/index.php\/wp-json\/wp\/v2\/pages\/416\/revisions\/1852"}],"wp:attachment":[{"href":"https:\/\/www.lebistrotblonvillais.fr\/index.php\/wp-json\/wp\/v2\/media?parent=416"}],"curies":[{"name":"wp","href":"https:\/\/api.w.org\/{rel}","templated":true}]}}