{"id":492,"date":"2018-08-23T18:42:01","date_gmt":"2018-08-23T16:42:01","guid":{"rendered":"http:\/\/www.lebistrotblonvillais.fr\/?page_id=492"},"modified":"2023-02-15T01:37:29","modified_gmt":"2023-02-15T00:37:29","slug":"alcools","status":"publish","type":"page","link":"https:\/\/www.lebistrotblonvillais.fr\/index.php\/alcools\/","title":{"rendered":"Les Alcools"},"content":{"rendered":"<p style=\"text-align: center;\"><span style=\"color: #bd1522;\"><del>&nbsp; &nbsp; &nbsp; &nbsp; &nbsp; &nbsp; &nbsp; &nbsp; &nbsp; &nbsp; &nbsp; &nbsp; &nbsp; &nbsp; &nbsp; &nbsp; &nbsp; &nbsp; &nbsp;<\/del><\/span><\/p>\n<blockquote>\n<h3 style=\"text-align: center;\"><strong><span style=\"color: #bd1522;\">Les Ap\u00e9ritifs<\/span><\/strong><\/h3>\n<\/blockquote>\n<p style=\"text-align: center;\"><span style=\"color: #878787;\">Kir Normand (10 cl) 3.50 \u20ac<\/span><\/p>\n<p style=\"text-align: center;\"><span style=\"color: #878787;\">Kir (10 cl) 4.20 \u20ac<\/span><\/p>\n<p style=\"text-align: center;\"><span style=\"color: #878787;\">Am\u00e9ricano maison (10 cl) 8.00 \u20ac<\/span><\/p>\n<p style=\"text-align: center;\"><span style=\"color: #878787;\">Porto rouge (4 cl) 5.00 \u20ac<\/span><\/p>\n<p style=\"text-align: center;\"><span style=\"color: #878787;\">Martini blanc ou rouge (5 cl) 5.50 \u20ac<\/span><\/p>\n<p style=\"text-align: center;\"><span style=\"color: #878787;\">Suze (5 cl) 5.00 \u20ac<\/span><\/p>\n<p style=\"text-align: center;\"><span style=\"color: #878787;\">Campari (4 cl) 6.50 \u20ac<\/span><\/p>\n<p style=\"text-align: center;\"><span style=\"color: #878787;\">Pommeau (5 cl)&nbsp;<em>Ch\u00e2teau du Breuil <\/em>4.80 \u20ac<\/span><\/p>\n<p style=\"text-align: center;\"><span style=\"color: #878787;\">Ap\u00e9ritif au Calvados pomme vanille (5 cl)&nbsp;<em>Ch\u00e2teau du Breuil<\/em> 5.00 \u20ac<\/span><\/p>\n<p style=\"text-align: center;\"><span style=\"color: #878787;\">Ricard (2 cl) 5.00 \u20ac<\/span><\/p>\n<p style=\"text-align: center;\"><span style=\"color: #878787;\">Gin (4 cl) <em>Gin \u00ab\u00a0C&rsquo;est nous\u00a0\u00bb produit en France<\/em> 7.50 \u20ac<\/span><\/p>\n<p style=\"text-align: center;\"><span style=\"color: #878787;\">Vodka (4 cl) <em>Vodka \u00ab\u00a0C&rsquo;est nous\u00a0\u00bb produit en Normandie<\/em> 7.50 \u20ac<\/span><\/p>\n<p style=\"text-align: center;\"><span style=\"color: #878787;\">Rhum Havana 3 ans (5 cl) 6.50 \u20ac<\/span><\/p>\n<p style=\"text-align: center;\"><span style=\"color: #878787;\">Rhum Havana Especial 5 ans (5 cl) 7.50 \u20ac<\/span><\/p>\n<p style=\"text-align: center;\"><span style=\"color: #878787;\">Whisky J.B (5 cl) 6.50 \u20ac<\/span><\/p>\n<p style=\"text-align: center;\"><span style=\"color: #878787;\">Jack Daniel&rsquo;s (5 cl) 7.00 \u20ac<\/span><\/p>\n<p style=\"text-align: center;\"><span style=\"color: #878787;\">Whisky Normand (5 cl) <em>Northmaen Sleipnir 8 ans<\/em> 10.00 \u20ac<\/span><\/p>\n<p>&nbsp;<\/p>\n<p style=\"text-align: center;\"><span style=\"color: #878787;\"><a style=\"color: #878787;\" href=\"https:\/\/www.lebistrotblonvillais.fr\/index.php\/la-selection-du-b-b\/\"><strong>Amateurs de Rhum ou de Whisky, d\u00e9couvrez : la S\u00e9lection du B.B<\/strong><\/a><\/span><\/p>\n<p style=\"text-align: center;\"><span style=\"color: #878787;\"><span style=\"color: #bd1522;\"><del>&nbsp; &nbsp; &nbsp; &nbsp; &nbsp; &nbsp; &nbsp; &nbsp; &nbsp;<\/del><\/span><\/span><\/p>\n<p>&nbsp;<\/p>\n<p style=\"text-align: center;\"><span style=\"color: #878787;\">Suppl\u00e9ment Soda 2.50 \u20ac<\/span><\/p>\n<p>&nbsp;<\/p>\n<blockquote>\n<h3 style=\"text-align: center;\"><strong><span style=\"color: #bd1522;\">Cidre<\/span><\/strong><\/h3>\n<p style=\"text-align: center;\"><strong><span style=\"color: #878787;\">Ferme du Lieu Bill &#8211; BLONVILLE-SUR-MER<\/span><\/strong><\/p>\n<p style=\"text-align: center;\"><strong><span style=\"color: #878787;\">Cidre BIO Brut ou Demi-sec<\/span><\/strong><\/p>\n<\/blockquote>\n<p style=\"text-align: center;\"><span style=\"color: #878787;\">Verre (12 cl) 3.20 \u20ac<\/span><\/p>\n<p style=\"text-align: center;\"><span style=\"color: #878787;\">Pichet (50 cl) 9.50 \u20ac<\/span><\/p>\n<p style=\"text-align: center;\"><span style=\"color: #878787;\">Bouteille (75 cl) 12.90 \u20ac<\/span><\/p>\n<p>&nbsp;<\/p>\n<blockquote>\n<h3 style=\"text-align: center;\"><strong><span style=\"color: #bd1522;\">Cidre de r\u00e9serve<\/span><\/strong><\/h3>\n<p style=\"text-align: center;\"><span style=\"color: #878787;\"><strong>Famille Dupont &#8211; VICTOT-PONTFOL<\/strong><\/span><\/p>\n<p style=\"text-align: center;\"><span style=\"color: #878787;\"><em>\u00ab\u00a0\u00c9lev\u00e9 six mois en f\u00fbts ayant contenu du Calvados. Cet affinage lui apporte ampleur, finesse et complexit\u00e9. Un cidre de gastronomie. 67 % de pommes douces am\u00e8res et 33 % de pommes acidul\u00e9es\u00a0\u00bb<\/em><\/span><\/p>\n<\/blockquote>\n<p style=\"text-align: center;\"><span style=\"color: #878787;\">Bouteille (33 cl) 12.00 \u20ac<\/span><\/p>\n<p style=\"text-align: center;\"><span style=\"color: #878787;\">Bouteille (75 cl) 21.00 \u20ac<\/span><\/p>\n<p>&nbsp;<\/p>\n<blockquote>\n<h3 style=\"text-align: center;\"><strong><span style=\"color: #bd1522;\">Bi\u00e8res&nbsp;<\/span><\/strong><\/h3>\n<\/blockquote>\n<p style=\"text-align: center;\"><strong><span style=\"color: #bd1522;\">Bi\u00e8re Pression (saison estivale)&nbsp;<\/span><\/strong><\/p>\n<p style=\"text-align: center;\"><span style=\"color: #878787;\">Pression ou Panach\u00e9 25 cl : 4.30 \u20ac ou 50 cl : 8.50 \u20ac <\/span><\/p>\n<p style=\"text-align: center;\"><span style=\"color: #878787;\">Picon Bi\u00e8re 25 cl : 4.60 \u20ac ou 50 cl : 9.00 \u20ac<\/span><\/p>\n<p>&nbsp;<\/p>\n<p style=\"text-align: center;\"><strong><span style=\"color: #bd1522;\">Bi\u00e8res Bouteilles<\/span><\/strong><\/p>\n<p style=\"text-align: center;\"><span style=\"color: #878787;\">Bi\u00e8re locale (33 cl)&nbsp;Bel Orge <em>bi\u00e8re artisanale et bio, Villers-sur-mer<\/em> 5.90 \u20ac<\/span><\/p>\n<p>&nbsp;<\/p>\n<p style=\"text-align: center;\"><span style=\"color: #878787;\">Blonde (33 cl)&nbsp;<em>Golden Ale<\/em>&nbsp;5.90 \u20ac<\/span><\/p>\n<p style=\"text-align: center;\"><span style=\"color: #878787;\">Brune (33 cl)&nbsp;<em>Stout<\/em>&nbsp;5.90 \u20ac<\/span><\/p>\n<p style=\"text-align: center;\"><span style=\"color: #878787;\">Blanche (33 cl)&nbsp;<em>Norweiss<\/em>&nbsp;5.90 \u20ac<\/span><\/p>\n<p style=\"text-align: center;\"><span style=\"color: #878787;\">Ambr\u00e9e (33 cl)&nbsp;<em>Copper Ale<\/em>&nbsp;5.90 \u20ac<\/span><\/p>\n<p style=\"text-align: center;\"><span style=\"color: #878787;\">IPA Heketa\u00ef (33 cl)&nbsp;5.90 \u20ac<\/span><\/p>\n<p style=\"text-align: center;\"><span style=\"color: #878787;\">Lager La Lys (33 cl)&nbsp;5.90 \u20ac<\/span><\/p>\n<p>&nbsp;<\/p>\n<h5 style=\"text-align: center;\"><span style=\"color: #bd1522;\"><strong>D&rsquo;autres bi\u00e8res artisanales sont disponibles selon les arrivages, demandez-nous !<\/strong><\/span><\/h5>\n<p>&nbsp;<\/p>\n<blockquote>\n<h5 style=\"text-align: center;\"><strong><span style=\"color: #bd1522;\">Calvados &amp; Digestifs<\/span><\/strong><\/h5>\n<\/blockquote>\n<h5 style=\"text-align: center;\"><span style=\"color: #bd1522;\"><strong>Demandez la carte sur place pour d\u00e9couvrir notre s\u00e9l\u00e9ction<\/strong><\/span><\/h5>\n<p>&nbsp;<\/p>\n<p>&nbsp;<\/p>\n<p style=\"text-align: left;\"><span style=\"color: #878787;\">L&rsquo;abus d&rsquo;alcool est dangereux pour la sant\u00e9. \u00c0 consommer avec mod\u00e9ration. La vente d&rsquo;alcool est interdite aux mineurs de moins de dix-huit ans.<\/span><\/p>\n","protected":false},"excerpt":{"rendered":"<p>&nbsp; &nbsp; &nbsp; &nbsp; &nbsp; &nbsp; &nbsp; &nbsp; &nbsp; &nbsp; &nbsp; &nbsp; &nbsp; &nbsp; &nbsp; &nbsp; &nbsp; &nbsp; &nbsp; Les Ap\u00e9ritifs Kir Normand (10 cl) 3.50 \u20ac Kir (10 cl) 4.20 \u20ac Am\u00e9ricano maison (10 cl) 8.00 \u20ac Porto rouge&#8230; <a class=\"direadmore\" href=\"https:\/\/www.lebistrotblonvillais.fr\/index.php\/alcools\/\"> Continue Reading&#8230;<\/a><\/p>\n","protected":false},"author":1,"featured_media":0,"parent":0,"menu_order":0,"comment_status":"closed","ping_status":"closed","template":"","meta":{"ngg_post_thumbnail":0},"aioseo_notices":[],"_links":{"self":[{"href":"https:\/\/www.lebistrotblonvillais.fr\/index.php\/wp-json\/wp\/v2\/pages\/492"}],"collection":[{"href":"https:\/\/www.lebistrotblonvillais.fr\/index.php\/wp-json\/wp\/v2\/pages"}],"about":[{"href":"https:\/\/www.lebistrotblonvillais.fr\/index.php\/wp-json\/wp\/v2\/types\/page"}],"author":[{"embeddable":true,"href":"https:\/\/www.lebistrotblonvillais.fr\/index.php\/wp-json\/wp\/v2\/users\/1"}],"replies":[{"embeddable":true,"href":"https:\/\/www.lebistrotblonvillais.fr\/index.php\/wp-json\/wp\/v2\/comments?post=492"}],"version-history":[{"count":39,"href":"https:\/\/www.lebistrotblonvillais.fr\/index.php\/wp-json\/wp\/v2\/pages\/492\/revisions"}],"predecessor-version":[{"id":1861,"href":"https:\/\/www.lebistrotblonvillais.fr\/index.php\/wp-json\/wp\/v2\/pages\/492\/revisions\/1861"}],"wp:attachment":[{"href":"https:\/\/www.lebistrotblonvillais.fr\/index.php\/wp-json\/wp\/v2\/media?parent=492"}],"curies":[{"name":"wp","href":"https:\/\/api.w.org\/{rel}","templated":true}]}}