{"id":494,"date":"2018-08-23T18:42:22","date_gmt":"2018-08-23T16:42:22","guid":{"rendered":"http:\/\/www.lebistrotblonvillais.fr\/?page_id=494"},"modified":"2022-04-13T02:54:04","modified_gmt":"2022-04-13T00:54:04","slug":"la-cave-du-b-b","status":"publish","type":"page","link":"https:\/\/www.lebistrotblonvillais.fr\/index.php\/la-cave-du-b-b\/","title":{"rendered":"La Cave du B.B"},"content":{"rendered":"\n<p style=\"text-align: center;\"><strong><span style=\"color: #bd1522;\">&nbsp;<\/span><\/strong><span style=\"color: #bd1522;\"><del>&nbsp; &nbsp; &nbsp; &nbsp; &nbsp; &nbsp; &nbsp; &nbsp; &nbsp; &nbsp; &nbsp; &nbsp; &nbsp; &nbsp; &nbsp; &nbsp; &nbsp; &nbsp; &nbsp;<\/del><\/span><\/p>\n<blockquote>\n<h3 style=\"text-align: center;\"><strong><span style=\"color: #bd1522;\">Les Vins<\/span><\/strong><\/h3>\n<\/blockquote>\n<p style=\"text-align: center;\"><strong><span style=\"color: #bd1522;\">Blanc Chardonnay I.G.P Val de Loire<\/span><\/strong><\/p>\n<p style=\"text-align: center;\"><span style=\"color: #878787;\">Verre (12 cl) 4.00 \u20ac \/ Pichet (50 cl) 14.00 \u20ac<\/span><\/p>\n<p>&nbsp;<\/p>\n<p style=\"text-align: center;\"><strong><span style=\"color: #bd1522;\">Ros\u00e9 I.G.P Gris d&rsquo;Ard\u00e8che<\/span><\/strong><\/p>\n<p style=\"text-align: center;\"><span style=\"color: #878787;\">Verre (12 cl) 4.00 \u20ac \/ Pichet (50 cl) 14.00 \u20ac<\/span><\/p>\n<p>&nbsp;<\/p>\n<p style=\"text-align: center;\"><span style=\"color: #bd1522;\"><strong>Rouge (Vin du mois)<\/strong><\/span><\/p>\n<p style=\"text-align: center;\"><span style=\"color: #878787;\">Verre (12 cl) 4.50 \u20ac \/ Pichet (50 cl) 15.00 \u20ac<\/span><\/p>\n<p>&nbsp;<\/p>\n<p>&nbsp;<\/p>\n<hr>\n<blockquote>\n<h3 style=\"text-align: center;\"><strong><span style=\"color: #bd1522;\">La Cave<\/span><\/strong><\/h3>\n<\/blockquote>\n<p>&nbsp;<\/p>\n<h4 style=\"text-align: center;\"><span style=\"color: #bd1522;\"><strong>Consultez l&rsquo;ardoise <em>\u00ab\u00a0La cave du B.B\u00a0\u00bb<\/em> pour d\u00e9couvrir nos vins en bouteilles<\/strong><\/span><\/h4>\n<p>&nbsp;<\/p>\n<p>&nbsp;<\/p>\n<p>&nbsp;<\/p>\n<p style=\"text-align: left;\"><span style=\"color: #878787;\">L\u2019abus d\u2019alcool est dangereux pour la sant\u00e9. \u00c0 consommer avec mod\u00e9ration. La vente d\u2019alcool est interdite aux mineurs de moins de dix-huit ans.<\/span><\/p>\n","protected":false},"excerpt":{"rendered":"<p>&nbsp;&nbsp; &nbsp; &nbsp; &nbsp; &nbsp; &nbsp; &nbsp; &nbsp; &nbsp; &nbsp; &nbsp; &nbsp; &nbsp; &nbsp; &nbsp; &nbsp; &nbsp; &nbsp; &nbsp; Les Vins Blanc Chardonnay I.G.P Val de Loire Verre (12 cl) 4.00 \u20ac \/ Pichet (50 cl) 14.00 \u20ac &nbsp; Ros\u00e9&#8230; <a class=\"direadmore\" href=\"https:\/\/www.lebistrotblonvillais.fr\/index.php\/la-cave-du-b-b\/\"> Continue Reading&#8230;<\/a><\/p>\n","protected":false},"author":1,"featured_media":0,"parent":0,"menu_order":0,"comment_status":"closed","ping_status":"closed","template":"","meta":{"ngg_post_thumbnail":0},"aioseo_notices":[],"_links":{"self":[{"href":"https:\/\/www.lebistrotblonvillais.fr\/index.php\/wp-json\/wp\/v2\/pages\/494"}],"collection":[{"href":"https:\/\/www.lebistrotblonvillais.fr\/index.php\/wp-json\/wp\/v2\/pages"}],"about":[{"href":"https:\/\/www.lebistrotblonvillais.fr\/index.php\/wp-json\/wp\/v2\/types\/page"}],"author":[{"embeddable":true,"href":"https:\/\/www.lebistrotblonvillais.fr\/index.php\/wp-json\/wp\/v2\/users\/1"}],"replies":[{"embeddable":true,"href":"https:\/\/www.lebistrotblonvillais.fr\/index.php\/wp-json\/wp\/v2\/comments?post=494"}],"version-history":[{"count":20,"href":"https:\/\/www.lebistrotblonvillais.fr\/index.php\/wp-json\/wp\/v2\/pages\/494\/revisions"}],"predecessor-version":[{"id":1792,"href":"https:\/\/www.lebistrotblonvillais.fr\/index.php\/wp-json\/wp\/v2\/pages\/494\/revisions\/1792"}],"wp:attachment":[{"href":"https:\/\/www.lebistrotblonvillais.fr\/index.php\/wp-json\/wp\/v2\/media?parent=494"}],"curies":[{"name":"wp","href":"https:\/\/api.w.org\/{rel}","templated":true}]}}