{"id":659,"date":"2018-08-24T15:05:28","date_gmt":"2018-08-24T13:05:28","guid":{"rendered":"http:\/\/www.lebistrotblonvillais.fr\/?page_id=659"},"modified":"2018-09-17T21:13:40","modified_gmt":"2018-09-17T19:13:40","slug":"mentions-legales","status":"publish","type":"page","link":"https:\/\/www.lebistrotblonvillais.fr\/index.php\/mentions-legales\/","title":{"rendered":"Mentions l\u00e9gales"},"content":{"rendered":"<p class=\"font_8\"><strong><span style=\"color: #bd1522;\">Le Bistrot Blonvillais<\/span><\/strong><\/p>\n<p>4 rue du G\u00e9n\u00e9ral Leclerc \u2013 14910 Blonville-sur-mer<\/p>\n<p class=\"font_8\">T\u00e9l\u00e9phone : 0231876407<\/p>\n<p class=\"font_8\">Siret :\u00a048826220500039<\/p>\n<p class=\"font_8\"><span class=\"wixGuard\">\u200b<\/span><\/p>\n<p class=\"font_8\"><strong>Droit d\u2019auteur et propri\u00e9t\u00e9 intellectuelle :<\/strong><\/p>\n<p class=\"font_8\">L\u2019ensemble de ce site rel\u00e8ve des l\u00e9gislations fran\u00e7aises et internationales sur le droit d\u2019auteur et la propri\u00e9t\u00e9 intellectuelle. Tous les droits de reproduction sont r\u00e9serv\u00e9s au Bistrot Blonvillais, y compris pour les textes, les images, les documents iconographiques et photographiques.<\/p>\n<p class=\"font_8\">Tout le contenu du pr\u00e9sent site, incluant, de fa\u00e7on non limitative, les graphismes, images, textes, vid\u00e9os, animations, sons, logos, gifs et ic\u00f4nes ainsi que leur mise en forme sont la propri\u00e9t\u00e9 exclusive de la soci\u00e9t\u00e9 Le Bistrot Blonvillais \u00e0 l\u2019exception des marques, logos ou contenus appartenant \u00e0 d\u2019autres soci\u00e9t\u00e9s partenaires ou auteurs.<\/p>\n<p class=\"font_8\"><strong>Conditions d\u2019utilisation :<\/strong><\/p>\n<p class=\"font_8\">Le Bistrot Blonvillais met en \u0153uvre tous les moyens dont il dispose, pour assurer une information et une mise \u00e0 jour fiables de son site internet. Toutefois, des erreurs ou omissions peuvent survenir. L\u2019internaute devra donc s\u2019assurer de l\u2019exactitude des informations, et signaler toutes modifications du site qu\u2019il jugerait utile. Le Bistrot Blonvillais n\u2019est en aucun cas responsable de l\u2019utilisation faite de ces informations, et de tout pr\u00e9judice direct ou indirect pouvant en d\u00e9couler.<\/p>\n<p class=\"font_8\"><strong>Autorisations :<\/strong><\/p>\n<p class=\"font_8\">Les utilisateurs et les visiteurs des sites internet ne peuvent mettre en place un hyperlien en direction de ce site sans l\u2019autorisation expresse et pr\u00e9alable du Bistrot Blonvillais.<\/p>\n<p class=\"font_8\">Dans l\u2019hypoth\u00e8se o\u00f9 un utilisateur ou visiteur souhaiterait mettre en place un hyperlien en direction du site www.lebistrotblonvillais.fr, il lui appartiendra de contacter le Bistrot Blonvillais afin de formuler sa demande de mise en place d\u2019un hyperlien. le Bistrot Blonvillais se r\u00e9serve le droit d\u2019accepter ou de refuser un hyperlien sans avoir \u00e0 en justifier sa d\u00e9cision.<\/p>\n<p class=\"font_8\"><strong>Services fournis :<\/strong><\/p>\n<p class=\"font_8\">L\u2019ensemble des activit\u00e9s du Bistrot Blonvillais ainsi que ses informations sont pr\u00e9sent\u00e9s sur ce site.<\/p>\n<p class=\"font_8\">Le Bistrot Blonvillais s\u2019efforce de fournir sur ce site des informations aussi pr\u00e9cises que possible. Les renseignements figurant sur ce site ne sont pas exhaustifs et les photos non contractuelles. Ils sont donn\u00e9s sous r\u00e9serve de modifications ayant \u00e9t\u00e9 apport\u00e9es depuis leur mise en ligne. Par ailleurs, tous les informations indiqu\u00e9es sur ce site sont donn\u00e9es \u00e0 titre indicatif, et sont susceptibles de changer ou d\u2019\u00e9voluer sans pr\u00e9avis.<\/p>\n<p class=\"font_8\"><strong>Limitation contractuelles sur les donn\u00e9es :<\/strong><\/p>\n<p class=\"font_8\">Les informations contenues sur le site du Bistrot Blonvillais sont aussi pr\u00e9cises que possibles et le site remis \u00e0 jour \u00e0 diff\u00e9rentes p\u00e9riodes de l\u2019ann\u00e9e, mais peut toutefois contenir des inexactitudes ou des omissions. Si vous constatez une lacune, erreur ou ce qui parait \u00eatre un dysfonctionnement, merci de bien vouloir le signaler, en d\u00e9crivant le probl\u00e8me de la mani\u00e8re la plus pr\u00e9cise possible (page posant probl\u00e8me, type d\u2019ordinateur et de navigateur utilis\u00e9, \u2026).<\/p>\n<p class=\"font_8\">Tout contenu t\u00e9l\u00e9charg\u00e9 se fait aux risques et p\u00e9rils de l\u2019utilisateur et sous sa seule responsabilit\u00e9. En cons\u00e9quence, ne saurait \u00eatre tenu responsable d\u2019un quelconque dommage subi par l\u2019ordinateur de l\u2019utilisateur ou d\u2019une quelconque perte de donn\u00e9es cons\u00e9cutives au t\u00e9l\u00e9chargement.<\/p>\n<p class=\"font_8\"><strong>Litiges :<\/strong><\/p>\n<p class=\"font_8\">Les pr\u00e9sentes conditions de ce site sont r\u00e9gies par les lois fran\u00e7aises et toute contestation ou litiges qui pourraient na\u00eetre de l\u2019interpr\u00e9tation ou de l\u2019ex\u00e9cution de celles-ci seront de la comp\u00e9tence exclusive des tribunaux dont d\u00e9pend le si\u00e8ge social de la soci\u00e9t\u00e9. La langue de r\u00e9f\u00e9rence, pour le r\u00e8glement de contentieux \u00e9ventuels, est le fran\u00e7ais.<\/p>\n<p>&nbsp;<\/p>\n<p>Tousdroitsr\u00e9serv\u00e9s\u00a9lebistrotblonvillais<\/p>\n<p>&nbsp;<\/p>\n","protected":false},"excerpt":{"rendered":"<p>Le Bistrot Blonvillais 4 rue du G\u00e9n\u00e9ral Leclerc \u2013 14910 Blonville-sur-mer T\u00e9l\u00e9phone : 0231876407 Siret :\u00a048826220500039 \u200b Droit d\u2019auteur et propri\u00e9t\u00e9 intellectuelle : L\u2019ensemble de ce site rel\u00e8ve des l\u00e9gislations fran\u00e7aises et internationales sur le droit d\u2019auteur et la propri\u00e9t\u00e9&#8230; <a class=\"direadmore\" href=\"https:\/\/www.lebistrotblonvillais.fr\/index.php\/mentions-legales\/\"> Continue Reading&#8230;<\/a><\/p>\n","protected":false},"author":1,"featured_media":337,"parent":0,"menu_order":0,"comment_status":"closed","ping_status":"closed","template":"","meta":{"ngg_post_thumbnail":0},"aioseo_notices":[],"_links":{"self":[{"href":"https:\/\/www.lebistrotblonvillais.fr\/index.php\/wp-json\/wp\/v2\/pages\/659"}],"collection":[{"href":"https:\/\/www.lebistrotblonvillais.fr\/index.php\/wp-json\/wp\/v2\/pages"}],"about":[{"href":"https:\/\/www.lebistrotblonvillais.fr\/index.php\/wp-json\/wp\/v2\/types\/page"}],"author":[{"embeddable":true,"href":"https:\/\/www.lebistrotblonvillais.fr\/index.php\/wp-json\/wp\/v2\/users\/1"}],"replies":[{"embeddable":true,"href":"https:\/\/www.lebistrotblonvillais.fr\/index.php\/wp-json\/wp\/v2\/comments?post=659"}],"version-history":[{"count":2,"href":"https:\/\/www.lebistrotblonvillais.fr\/index.php\/wp-json\/wp\/v2\/pages\/659\/revisions"}],"predecessor-version":[{"id":663,"href":"https:\/\/www.lebistrotblonvillais.fr\/index.php\/wp-json\/wp\/v2\/pages\/659\/revisions\/663"}],"wp:featuredmedia":[{"embeddable":true,"href":"https:\/\/www.lebistrotblonvillais.fr\/index.php\/wp-json\/wp\/v2\/media\/337"}],"wp:attachment":[{"href":"https:\/\/www.lebistrotblonvillais.fr\/index.php\/wp-json\/wp\/v2\/media?parent=659"}],"curies":[{"name":"wp","href":"https:\/\/api.w.org\/{rel}","templated":true}]}}